{"id":17,"date":"2016-02-12T08:09:36","date_gmt":"2016-02-12T08:09:36","guid":{"rendered":"http:\/\/demos.famethemes.com\/onepress\/?page_id=17"},"modified":"2021-09-30T08:50:38","modified_gmt":"2021-09-30T08:50:38","slug":"our-history","status":"publish","type":"page","link":"http:\/\/clubriojaeromodelismo.com\/?page_id=17","title":{"rendered":"NUEVA JUNTA DIRECTIVA CLUB RIOJA AEROMODELISMO"},"content":{"rendered":"<p><strong>ACTA ASAMBLEA GENERAL EXTRAORDINARIA DEL C.R.A.<\/strong><\/p>\n<p><strong><u>Convocatoria y Acta Asamblea Extraordinaria Club Rioja Aeromodelismo<\/u><\/strong><\/p>\n<p>De acuerdo con los Estatutos del Club actualmente en vigor en su Cap\u00edtulo III: \u00d3rganos de Gesti\u00f3n y Representaci\u00f3n dice en el art 8, que la Asamblea General Extraordinaria se convocar\u00e1 cuando se produzca la dimisi\u00f3n del presidente y de la Junta Directiva.<\/p>\n<p>Al haber sido proclamado Presidente electo de la Federaci\u00f3n Riojana del Deporte A\u00e9reo y por incompatibilidad con otros cargos en el club, Dionisio Diez Hormilla con fecha 03 de noviembre ha presentado la dimisi\u00f3n como presidente del Club Rioja Aeromodelismo, por lo que se convoca la Asamblea Extraordinaria del Club para el d\u00eda 14 de noviembre con el siguiente orden del d\u00eda:<\/p>\n<ul>\n<li><strong><u>Renovaci\u00f3n Junta Directiva por dimisi\u00f3n del presidente<\/u><\/strong>:<\/li>\n<\/ul>\n<p>La nueva Junta Directiva propuesta seria:<\/p>\n<p><strong>Presidente:\u00a0 \u00a0 \u00a0 \u00a0 \u00a0 \u00a0 \u00a0 Giovanni Rovere Quatromini<\/strong><\/p>\n<p><strong>Vicepresidente: \u00a0 \u00a0 \u00a0 Zacarias Martin Arribas<\/strong><\/p>\n<p><strong>Secretario:\u00a0 \u00a0 \u00a0 \u00a0 \u00a0 \u00a0 \u00a0 \u00a0Ignacio Barrio Fern\u00e1ndez<\/strong><\/p>\n<p><strong>Tesorero:\u00a0 \u00a0 \u00a0 \u00a0 \u00a0 \u00a0 \u00a0 \u00a0 \u00a0Fernando R\u00edos Puente<\/strong><\/p>\n<p><strong>Vocales\u00a0 \u00a0 \u00a0 \u00a0 \u00a0 \u00a0 \u00a0 \u00a0 \u00a0 \u00a0 Andr\u00e9s Medina Cano\u00a0<\/strong><\/p>\n<p>Teniendo en cuenta que en la situaci\u00f3n actual de la pandemia del Covid 19, no est\u00e1n permitidas las reuniones de m\u00e1s de seis personas no ser\u00e1 posible realizar la asamblea de modo presencial. Debido a que el club no dispone de recursos para hacer una asamblea v\u00eda telem\u00e1tica, todo aquel socio que no est\u00e9 conforme con la propuesta de renovaci\u00f3n de la Junta Directiva puede manifestar su desacuerdo enviando un email\/whatsapp al Club.<\/p>\n<p>En consecuencia queda aprobada la nueva Junta Directiva del Club. <span style=\"font-size: revert; color: initial;\">En todo caso en la pr\u00f3xima reuni\u00f3n de la Asamblea Ordinaria del Club se incluir\u00e1 en el orden del d\u00eda la ratificaci\u00f3n de la renovaci\u00f3n de la Junta Directiva propuesta en la asamblea extraordinaria del 14 noviembre 2020.<\/span><\/p>\n<p>Logro\u00f1o 14 noviembre 2020<\/p>\n","protected":false},"excerpt":{"rendered":"<p>Nullam ut tempor eros. Donec faucibus, velit et imperdiet aliquam, lacus velit luctus urna, vitae porttitor orci libero id felis.<\/p>\n","protected":false},"author":1,"featured_media":0,"parent":0,"menu_order":0,"comment_status":"closed","ping_status":"closed","template":"","meta":{"footnotes":""},"_links":{"self":[{"href":"http:\/\/clubriojaeromodelismo.com\/index.php?rest_route=\/wp\/v2\/pages\/17"}],"collection":[{"href":"http:\/\/clubriojaeromodelismo.com\/index.php?rest_route=\/wp\/v2\/pages"}],"about":[{"href":"http:\/\/clubriojaeromodelismo.com\/index.php?rest_route=\/wp\/v2\/types\/page"}],"author":[{"embeddable":true,"href":"http:\/\/clubriojaeromodelismo.com\/index.php?rest_route=\/wp\/v2\/users\/1"}],"replies":[{"embeddable":true,"href":"http:\/\/clubriojaeromodelismo.com\/index.php?rest_route=%2Fwp%2Fv2%2Fcomments&post=17"}],"version-history":[{"count":14,"href":"http:\/\/clubriojaeromodelismo.com\/index.php?rest_route=\/wp\/v2\/pages\/17\/revisions"}],"predecessor-version":[{"id":1938,"href":"http:\/\/clubriojaeromodelismo.com\/index.php?rest_route=\/wp\/v2\/pages\/17\/revisions\/1938"}],"wp:attachment":[{"href":"http:\/\/clubriojaeromodelismo.com\/index.php?rest_route=%2Fwp%2Fv2%2Fmedia&parent=17"}],"curies":[{"name":"wp","href":"https:\/\/api.w.org\/{rel}","templated":true}]}}